{"id":7557,"date":"2025-10-08T09:44:09","date_gmt":"2025-10-08T09:44:09","guid":{"rendered":"https:\/\/realartgallery.site\/?page_id=7557"},"modified":"2026-02-24T13:04:24","modified_gmt":"2026-02-24T13:04:24","slug":"about","status":"publish","type":"page","link":"https:\/\/realartgallery.site\/fr\/about\/","title":{"rendered":"\u00c0 propos de l\u2019artiste"},"content":{"rendered":"<p>Il fallait un sujet aussi particulier que les sports \u00e9questres et plus particulier le polo, pour que s`exprime pleinement le rare talent de cet artiste \u00e0 traduire la puissance de mouvement. <strong><em>Cavalcades<\/em><\/strong>, la s\u00e9rie consacr\u00e9e \u00e0 la ma\u00eetrise et \u00e0 la beaut\u00e9 du mouvement.<br>Comment \u00e9voquer \u00e0 la fois l' ampleur et pr\u00e9cision du geste,l' adresse et la rapidit\u00e9, le dialogue entre l' homme et le cheval.<br>\u00c0 travers ce dialogue captivant, <strong><em>Cavalcades<\/em><\/strong> r\u00e9v\u00e8le une alchimie exquise o\u00f9 se m\u00ealent ombre et lumi\u00e8re, contraste et harmonie des couleurs, geste spontan\u00e9 et dessin pr\u00e9cis, coup de pinceau et douceur du couteau, richesse et g\u00e9n\u00e9rosit\u00e9 de la mati\u00e8re.<\/p>\n\n\n\n<blockquote class=\"wp-block-quote is-layout-flow wp-block-quote-is-layout-flow\">\n<p>Le cheval transporte son cavalier avec vigueur et rapidit\u00e9, mais c'est le cavalier qui guide le cheval.<br>Le talent propulse l'artiste vers les sommets avec vigueur et rapidit\u00e9, mais c'est l'artiste qui ma\u00eetrise son talent.\"<br>\u2014 <em>Wassily Kandinsky<\/em><\/p>\n<\/blockquote>\n\n\n\n<div class=\"wp-block-uagb-image uagb-block-33c43a40 wp-block-uagb-image--layout-default wp-block-uagb-image--effect-static wp-block-uagb-image--align-none\"><figure class=\"wp-block-uagb-image__figure\"><img decoding=\"async\" srcset=\"https:\/\/realartgallery.site\/wp-content\/uploads\/2025\/10\/IMG_20251009_0001-3-1024x654.jpg ,https:\/\/realartgallery.site\/wp-content\/uploads\/2025\/10\/IMG_20251009_0001-3.jpg 780w, https:\/\/realartgallery.site\/wp-content\/uploads\/2025\/10\/IMG_20251009_0001-3.jpg 360w\" sizes=\"auto, (max-width: 480px) 150px\" src=\"https:\/\/realartgallery.site\/wp-content\/uploads\/2025\/10\/IMG_20251009_0001-3-1024x654.jpg\" alt=\"\" class=\"uag-image-7636\" width=\"526\" height=\"336\" title=\"IMG_20251009_0001\" loading=\"lazy\" role=\"img\"\/><\/figure><\/div>\n\n\n\n<p><\/p>\n\n\n\n<h3 class=\"wp-block-heading\"><strong>Biographie<\/strong><\/h3>\n\n\n\n<p>D'origine italiennes et iraniennes, <strong>Fr\u00e9d\u00e9ric Khan<\/strong> est n\u00e9 \u00e0 Paris \u00e0 la fin des ann\u00e9es 1950.<br>D\u00e8s son plus jeune \u00e2ge, il fait preuve d'un talent artistique remarquable, qu'il cultive d'abord aux <em>Ateliers Jeunesse<\/em> de <strong>\u00c9cole du Louvre<\/strong>.<br>\u00c0 Montparnasse, \u00e0 l' <strong>Acad\u00e9mie de la Grande Chaumi\u00e8re<\/strong>, il perfectionne ses talents de dessinateur et se d\u00e9couvre une passion pour la peinture.<br>Il poursuit ensuite ses \u00e9tudes \u00e0 l' <strong>'\u00c9cole nationale des beaux-arts de Paris,<\/strong>o\u00f9 il lib\u00e8re son talent artistique.<\/p>\n\n\n\n<p>Dans l'esprit vibrant de l'apr\u00e8s-68, il a mis sa ma\u00eetrise technique au service de la force cr\u00e9atrice qui anime son art.<br>Dans les ann\u00e9es 1980, il recherche la lumi\u00e8re du Sud et s'installe \u00e0 <strong>Saint-Tropez<\/strong>. Sa passion pour les horizons lointains le conduit \u00e0 voyager beaucoup.<br>Au cours des ann\u00e9es 1990, il a voyag\u00e9 \u00e0 travers le monde \u00e0 la recherche de rencontres humaines et artistiques, des c\u00f4tes m\u00e9diterran\u00e9ennes aux confins de l'Extr\u00eame-Orient, puis aux \u00c9tats-Unis, avant de revenir en France \u00e0 l'aube des ann\u00e9es 2000.<\/p>\n\n\n\n<p>Ses racines occidentales et orientales lui offrent une perspective unique \u00e0 travers laquelle il peut questionner le monde moderne.<br>Au-del\u00e0 de tout exotisme anecdotique, il nourrit son \u0153uvre de toutes ces rencontres et puise son inspiration dans l'histoire de l\u00b4Art, des peintures rupestres aux recherches les plus contemporaines.<\/p>\n\n\n\n<p>A <strong>Enfant du Rock<\/strong>, il canalise cette m\u00eame \u00e9nergie dans ses cr\u00e9ations, o\u00f9 tout devient vibration et sensation.<\/p>\n\n\n\n<p>Alchimie subtile des couleurs, des contrastes et de la lumi\u00e8re, gestuelle spontan\u00e9e, fouett\u00e9 du pinceau, flout\u00e9 de la bombe, richesse de la mati\u00e8re et vari\u00e9t\u00e9 des techniques, son \u0153uvre \u00e9veille en nous une r\u00e9sonance entre souvenir et avenir,  pass\u00e9, pr\u00e9sent et futur.<br>Son \u0153uvre offre une vision d'un monde en transformation, un dialogue permanent entre l'ombre et la lumi\u00e8re, le sens et la forme, le jeu et la r\u00e9flexion.<\/p>\n\n\n\n<p>Ses \u0153uvres ont jusqu'\u00e0 pr\u00e9sent \u00e9t\u00e9 vendues principalement \u00e0 des collectionneurs priv\u00e9s et \u00e0 des m\u00e9c\u00e8nes.<\/p>\n\n\n\n<p><\/p>","protected":false},"excerpt":{"rendered":"<p>It took a subject as distinctive as equestrian sports\u2014and polo in particular\u2014for Fr\u00e9d\u00e9ric Khan\u2019s rare talent to fully unfold in Cavalcades, his series devoted to capturing the power and poetry of movement.How can we convey the amplitude and precision of the movements, the skill and speed, and the intimate dialogue between horse and rider?Within this [&hellip;]<\/p>","protected":false},"author":1,"featured_media":0,"parent":0,"menu_order":0,"comment_status":"closed","ping_status":"closed","template":"","meta":{"_uag_custom_page_level_css":"","ngg_post_thumbnail":0,"footnotes":""},"class_list":["post-7557","page","type-page","status-publish","hentry","entry"],"aioseo_notices":[],"_hostinger_reach_plugin_has_subscription_block":false,"_hostinger_reach_plugin_is_elementor":false,"uagb_featured_image_src":{"full":false,"thumbnail":false,"medium":false,"medium_large":false,"large":false,"1536x1536":false,"2048x2048":false,"trp-custom-language-flag":false,"ect-jetpack-portfolio-featured":false,"ect-featured-content":false,"ect-service":false,"jetpack-portfolio-admin-thumb":false,"featured-content-admin-thumb":false,"service-admin-thumb":false},"uagb_author_info":{"display_name":"martamarmor@gmail.com","author_link":"https:\/\/realartgallery.site\/fr\/author\/martamarmorgmail-com\/"},"uagb_comment_info":0,"uagb_excerpt":"It took a subject as distinctive as equestrian sports\u2014and polo in particular\u2014for Fr\u00e9d\u00e9ric Khan\u2019s rare talent to fully unfold in Cavalcades, his series devoted to capturing the power and poetry of movement.How can we convey the amplitude and precision of the movements, the skill and speed, and the intimate dialogue between horse and rider?Within this\u2026","_links":{"self":[{"href":"https:\/\/realartgallery.site\/fr\/wp-json\/wp\/v2\/pages\/7557","targetHints":{"allow":["GET"]}}],"collection":[{"href":"https:\/\/realartgallery.site\/fr\/wp-json\/wp\/v2\/pages"}],"about":[{"href":"https:\/\/realartgallery.site\/fr\/wp-json\/wp\/v2\/types\/page"}],"author":[{"embeddable":true,"href":"https:\/\/realartgallery.site\/fr\/wp-json\/wp\/v2\/users\/1"}],"replies":[{"embeddable":true,"href":"https:\/\/realartgallery.site\/fr\/wp-json\/wp\/v2\/comments?post=7557"}],"version-history":[{"count":9,"href":"https:\/\/realartgallery.site\/fr\/wp-json\/wp\/v2\/pages\/7557\/revisions"}],"predecessor-version":[{"id":7670,"href":"https:\/\/realartgallery.site\/fr\/wp-json\/wp\/v2\/pages\/7557\/revisions\/7670"}],"wp:attachment":[{"href":"https:\/\/realartgallery.site\/fr\/wp-json\/wp\/v2\/media?parent=7557"}],"curies":[{"name":"wp","href":"https:\/\/api.w.org\/{rel}","templated":true}]}}